{"id":214,"date":"2020-04-13T11:18:52","date_gmt":"2020-04-13T11:18:52","guid":{"rendered":"http:\/\/danielmarugan.com\/index.php\/about\/"},"modified":"2021-08-04T19:18:39","modified_gmt":"2021-08-04T19:18:39","slug":"about","status":"publish","type":"page","link":"https:\/\/danielmarugan.com\/index.php\/about\/","title":{"rendered":"sobre nosotros"},"content":{"rendered":"\t\t<div data-elementor-type=\"wp-page\" data-elementor-id=\"214\" class=\"elementor elementor-214\" data-elementor-settings=\"[]\">\n\t\t\t\t\t\t\t<div class=\"elementor-section-wrap\">\n\t\t\t\t\t\t\t<section class=\"elementor-section elementor-top-section elementor-element elementor-element-5131a13e elementor-section-boxed elementor-section-height-default elementor-section-height-default\" data-id=\"5131a13e\" data-element_type=\"section\" data-settings=\"{&quot;background_background&quot;:&quot;classic&quot;}\">\n\t\t\t\t\t\t\t<div class=\"elementor-background-overlay\"><\/div>\n\t\t\t\t\t\t\t<div class=\"elementor-container elementor-column-gap-default\">\n\t\t\t\t\t<div class=\"elementor-column elementor-col-100 elementor-top-column elementor-element elementor-element-1053ca7a\" data-id=\"1053ca7a\" data-element_type=\"column\">\n\t\t\t<div class=\"elementor-widget-wrap elementor-element-populated\">\n\t\t\t\t\t\t\t\t<div class=\"elementor-element elementor-element-3d99e122 elementor-widget elementor-widget-heading\" data-id=\"3d99e122\" data-element_type=\"widget\" data-widget_type=\"heading.default\">\n\t\t\t\t<div class=\"elementor-widget-container\">\n\t\t\t<h1 class=\"elementor-heading-title elementor-size-default\">Sobre nosotros<\/h1>\t\t<\/div>\n\t\t\t\t<\/div>\n\t\t\t\t\t<\/div>\n\t\t<\/div>\n\t\t\t\t\t\t\t<\/div>\n\t\t<\/section>\n\t\t\t\t<section class=\"elementor-section elementor-top-section elementor-element elementor-element-40177ae0 elementor-section-boxed elementor-section-height-default elementor-section-height-default\" data-id=\"40177ae0\" data-element_type=\"section\" data-settings=\"{&quot;background_background&quot;:&quot;classic&quot;}\">\n\t\t\t\t\t\t<div class=\"elementor-container elementor-column-gap-no\">\n\t\t\t\t\t<div class=\"elementor-column elementor-col-50 elementor-top-column elementor-element elementor-element-2828f573\" data-id=\"2828f573\" data-element_type=\"column\">\n\t\t\t<div class=\"elementor-widget-wrap elementor-element-populated\">\n\t\t\t\t\t\t\t\t<div class=\"elementor-element elementor-element-68afc23b elementor-widget elementor-widget-heading\" data-id=\"68afc23b\" data-element_type=\"widget\" data-widget_type=\"heading.default\">\n\t\t\t\t<div class=\"elementor-widget-container\">\n\t\t\t<h2 class=\"elementor-heading-title elementor-size-default\">Establecidos en 1978<\/h2>\t\t<\/div>\n\t\t\t\t<\/div>\n\t\t\t\t\t<\/div>\n\t\t<\/div>\n\t\t\t\t<div class=\"elementor-column elementor-col-50 elementor-top-column elementor-element elementor-element-48096891\" data-id=\"48096891\" data-element_type=\"column\">\n\t\t\t<div class=\"elementor-widget-wrap elementor-element-populated\">\n\t\t\t\t\t\t\t\t<div class=\"elementor-element elementor-element-44ce5982 elementor-widget elementor-widget-text-editor\" data-id=\"44ce5982\" data-element_type=\"widget\" data-widget_type=\"text-editor.default\">\n\t\t\t\t<div class=\"elementor-widget-container\">\n\t\t\t\t\t\t\t\t<p>Desde 1978 acompa\u00f1ando a la peque\u00f1a y mediana empresa del rubro l\u00e1cteo en todo su proceso productivo de pasteurizaci\u00f3n, higienizaci\u00f3n, y descremado de leche para la fabricaci\u00f3n de sus productos.<\/p>\t\t\t\t\t\t<\/div>\n\t\t\t\t<\/div>\n\t\t\t\t<div class=\"elementor-element elementor-element-e56ab06 elementor-widget elementor-widget-text-editor\" data-id=\"e56ab06\" data-element_type=\"widget\" data-widget_type=\"text-editor.default\">\n\t\t\t\t<div class=\"elementor-widget-container\">\n\t\t\t\t\t\t\t\t<p>Adem\u00e1s en su curso productivo tales como pasteurizaci\u00f3n, higienizaci\u00f3n y descremado de suero como as\u00ed tambi\u00e9n la homogeneizaci\u00f3n y &#8230; de crema<\/p>\t\t\t\t\t\t<\/div>\n\t\t\t\t<\/div>\n\t\t\t\t<div class=\"elementor-element elementor-element-41a203d elementor-widget elementor-widget-text-editor\" data-id=\"41a203d\" data-element_type=\"widget\" data-widget_type=\"text-editor.default\">\n\t\t\t\t<div class=\"elementor-widget-container\">\n\t\t\t\t\t\t\t\t<p>contamos con el servicio de reparaci\u00f3n y venta de desnatadoras de limpieza manual y &#8230; desde 3000 a 35000 litros para leche o suero.<\/p><p>Pasteurizadores para leche, crema o suero desde 3000 a 35000 litros. Homogeneizadores desde 300 a 10000 litros.<\/p><p>Desde el a\u00f1o 2000 tambi\u00e9n nos abocamos rubro de separaci\u00f3n de sangre vacuna, equina y porcina, ofreciendo as\u00ed separadoras centr\u00edfugas para tal fin desde 500 a 10000 litros de separaci\u00f3n de &#8230; manual y auto&#8230;<\/p><p>\u00a0<\/p>\t\t\t\t\t\t<\/div>\n\t\t\t\t<\/div>\n\t\t\t\t<div class=\"elementor-element elementor-element-4ec76f84 elementor-widget elementor-widget-heading\" data-id=\"4ec76f84\" data-element_type=\"widget\" data-widget_type=\"heading.default\">\n\t\t\t\t<div class=\"elementor-widget-container\">\n\t\t\t<h3 class=\"elementor-heading-title elementor-size-medium\">Daniel Marugan<\/h3>\t\t<\/div>\n\t\t\t\t<\/div>\n\t\t\t\t\t<\/div>\n\t\t<\/div>\n\t\t\t\t\t\t\t<\/div>\n\t\t<\/section>\n\t\t\t\t\t\t<\/div>\n\t\t\t\t\t<\/div>\n\t\t","protected":false},"excerpt":{"rendered":"<p>Sobre nosotros Establecidos en 1978 Desde 1978 acompa\u00f1ando a la peque\u00f1a y mediana empresa del rubro l\u00e1cteo en todo su proceso productivo de pasteurizaci\u00f3n, higienizaci\u00f3n, y descremado de leche para la fabricaci\u00f3n de sus productos. Adem\u00e1s en su curso productivo tales como pasteurizaci\u00f3n, higienizaci\u00f3n y descremado de suero como as\u00ed tambi\u00e9n la homogeneizaci\u00f3n y &#8230; &hellip;<\/p>\n<p class=\"read-more\"> <a class=\"\" href=\"https:\/\/danielmarugan.com\/index.php\/about\/\"> <span class=\"screen-reader-text\">sobre nosotros<\/span> Read More &raquo;<\/a><\/p>\n","protected":false},"author":1,"featured_media":0,"parent":0,"menu_order":0,"comment_status":"closed","ping_status":"closed","template":"","meta":{"om_disable_all_campaigns":false,"_monsterinsights_skip_tracking":false,"_monsterinsights_sitenote_active":false,"_monsterinsights_sitenote_note":"","_monsterinsights_sitenote_category":0},"_links":{"self":[{"href":"https:\/\/danielmarugan.com\/index.php\/wp-json\/wp\/v2\/pages\/214"}],"collection":[{"href":"https:\/\/danielmarugan.com\/index.php\/wp-json\/wp\/v2\/pages"}],"about":[{"href":"https:\/\/danielmarugan.com\/index.php\/wp-json\/wp\/v2\/types\/page"}],"author":[{"embeddable":true,"href":"https:\/\/danielmarugan.com\/index.php\/wp-json\/wp\/v2\/users\/1"}],"replies":[{"embeddable":true,"href":"https:\/\/danielmarugan.com\/index.php\/wp-json\/wp\/v2\/comments?post=214"}],"version-history":[{"count":22,"href":"https:\/\/danielmarugan.com\/index.php\/wp-json\/wp\/v2\/pages\/214\/revisions"}],"predecessor-version":[{"id":565,"href":"https:\/\/danielmarugan.com\/index.php\/wp-json\/wp\/v2\/pages\/214\/revisions\/565"}],"wp:attachment":[{"href":"https:\/\/danielmarugan.com\/index.php\/wp-json\/wp\/v2\/media?parent=214"}],"curies":[{"name":"wp","href":"https:\/\/api.w.org\/{rel}","templated":true}]}}